{"id":819,"date":"2023-11-03T15:46:45","date_gmt":"2023-11-03T15:46:45","guid":{"rendered":"http:\/\/studio-humanology.local\/?page_id=819"},"modified":"2026-04-01T16:55:49","modified_gmt":"2026-04-01T15:55:49","slug":"calisthenics","status":"publish","type":"page","link":"https:\/\/studiohumanology.com\/de\/fitness\/calisthenics\/","title":{"rendered":"Calisthenics"},"content":{"rendered":"<div data-elementor-type=\"wp-page\" data-elementor-id=\"819\" class=\"elementor elementor-819\" data-elementor-settings=\"{&quot;ha_cmc_init_switcher&quot;:&quot;no&quot;}\">\n\t\t\t\t<div class=\"elementor-element elementor-element-efa73d6 e-flex e-con-boxed wpr-particle-no wpr-jarallax-no wpr-parallax-no wpr-sticky-section-no e-con e-parent\" data-id=\"efa73d6\" data-element_type=\"container\" data-e-type=\"container\" data-settings=\"{&quot;background_background&quot;:&quot;classic&quot;,&quot;_ha_eqh_enable&quot;:false}\">\n\t\t\t\t\t<div class=\"e-con-inner\">\n\t\t\t\t<div class=\"elementor-element elementor-element-75c39c4 elementor-widget__width-initial elementor-widget-tablet__width-initial elementor-invisible elementor-widget elementor-widget-heading\" data-id=\"75c39c4\" data-element_type=\"widget\" data-e-type=\"widget\" data-settings=\"{&quot;_animation&quot;:&quot;fadeInLeft&quot;}\" data-widget_type=\"heading.default\">\n\t\t\t\t<div class=\"elementor-widget-container\">\n\t\t\t\t\t<h2 class=\"elementor-heading-title elementor-size-default\">CALISTHENICS<\/h2>\t\t\t\t<\/div>\n\t\t\t\t<\/div>\n\t\t\t\t\t<\/div>\n\t\t\t\t<\/div>\n\t\t<div class=\"elementor-element elementor-element-40aba8a e-flex e-con-boxed wpr-particle-no wpr-jarallax-no wpr-parallax-no wpr-sticky-section-no e-con e-parent\" data-id=\"40aba8a\" data-element_type=\"container\" data-e-type=\"container\" data-settings=\"{&quot;background_background&quot;:&quot;classic&quot;,&quot;_ha_eqh_enable&quot;:false}\">\n\t\t\t\t\t<div class=\"e-con-inner\">\n\t\t\t\t<div class=\"elementor-element elementor-element-145d005 elementor-widget__width-inherit elementor-widget elementor-widget-text-editor\" data-id=\"145d005\" data-element_type=\"widget\" data-e-type=\"widget\" data-widget_type=\"text-editor.default\">\n\t\t\t\t<div class=\"elementor-widget-container\">\n\t\t\t\t\t\t\t\t\t<div><div><p data-olk-copy-source=\"MessageBody\">Il Calisthenics in Humanology \u00e8 un percorso strutturato di forza e controllo del corpo nello spazio.<\/p><p>Non si tratta solo di eseguire esercizi spettacolari, ma di costruire solide basi tecniche e sviluppare forza reale, mobilit\u00e0 e consapevolezza.<\/p><p>Ogni percorso inizia da una valutazione iniziale per comprendere livello di partenza, mobilit\u00e0 articolare, capacit\u00e0 di controllo e condizione fisica generale. Da qui costruiamo una programmazione personalizzata orientata allo sviluppo progressivo delle skills.<\/p><p>Le sessioni hanno una durata di 60 minuti e seguono cicli di lavoro di 4 fino a un massimo di 8 settimane. Al termine di ogni ciclo viene effettuato un check di controllo per analizzare i progressi, adattare i carichi e impostare le nuove progressioni di forza.<\/p><p dir=\"auto\">Il programma viene caricato su app dedicata, con monitoraggio degli esercizi e delle progressioni tecniche. Le skills \u2013 comeil front lever, musicale up,planche, verticali \u2013 vengono raggiunte in modo graduale, attraverso progressioni intelligenti che rispettano tempi e adattamenti del corpo.<\/p><p>Il nostro obiettivo non \u00e8 l\u2019effetto scenico immediato, ma la costruzione di una forza solida e duratura.<\/p><p>Il Calisthenics diventa cos\u00ec un percorso di crescita: ogni traguardo conquistato \u00e8 il risultato di disciplina, costanza e consapevolezza.<\/p><p>Allenare il proprio corpo come unico strumento significa sviluppare controllo, equilibrio e fiducia nelle proprie capacit\u00e0.<\/p><\/div><\/div>\t\t\t\t\t\t\t\t<\/div>\n\t\t\t\t<\/div>\n\t\t\t\t\t<\/div>\n\t\t\t\t<\/div>\n\t\t\t\t<\/div>","protected":false},"excerpt":{"rendered":"<p>CALISTHENICS Il Calisthenics in Humanology \u00e8 un percorso strutturato di forza e controllo del corpo nello spazio. Non si tratta solo di eseguire esercizi spettacolari, ma di costruire solide basi tecniche e sviluppare forza reale, mobilit\u00e0 e consapevolezza. Ogni percorso inizia da una valutazione iniziale per comprendere livello di partenza, mobilit\u00e0 articolare, capacit\u00e0 di controllo e condizione fisica generale. Da qui costruiamo una programmazione personalizzata orientata allo sviluppo progressivo delle skills. Le sessioni hanno una durata di 60 minuti e seguono cicli di lavoro di 4 fino a un massimo di 8 settimane. Al termine di ogni ciclo viene effettuato un check di controllo per analizzare i progressi, adattare i carichi e impostare le nuove progressioni di forza. Il programma viene caricato su app dedicata, con monitoraggio degli esercizi e delle progressioni tecniche. Le skills \u2013 comeil front lever, musicale up,planche, verticali \u2013 vengono raggiunte in modo graduale, attraverso progressioni intelligenti che rispettano tempi e adattamenti del corpo. Il nostro obiettivo non \u00e8 l\u2019effetto scenico immediato, ma la costruzione di una forza solida e duratura. Il Calisthenics diventa cos\u00ec un percorso di crescita: ogni traguardo conquistato \u00e8 il risultato di disciplina, costanza e consapevolezza. Allenare il proprio corpo come unico strumento significa sviluppare controllo, equilibrio e fiducia nelle proprie capacit\u00e0.<\/p>","protected":false},"author":1,"featured_media":0,"parent":1090,"menu_order":0,"comment_status":"closed","ping_status":"closed","template":"","meta":{"ocean_post_layout":"full-screen","ocean_both_sidebars_style":"","ocean_both_sidebars_content_width":0,"ocean_both_sidebars_sidebars_width":0,"ocean_sidebar":"","ocean_second_sidebar":"","ocean_disable_margins":"enable","ocean_add_body_class":"","ocean_shortcode_before_top_bar":"","ocean_shortcode_after_top_bar":"","ocean_shortcode_before_header":"","ocean_shortcode_after_header":"","ocean_has_shortcode":"","ocean_shortcode_after_title":"","ocean_shortcode_before_footer_widgets":"","ocean_shortcode_after_footer_widgets":"","ocean_shortcode_before_footer_bottom":"","ocean_shortcode_after_footer_bottom":"","ocean_display_top_bar":"off","ocean_display_header":"off","ocean_header_style":"","ocean_center_header_left_menu":"","ocean_custom_header_template":"","ocean_custom_logo":0,"ocean_custom_retina_logo":0,"ocean_custom_logo_max_width":0,"ocean_custom_logo_tablet_max_width":0,"ocean_custom_logo_mobile_max_width":0,"ocean_custom_logo_max_height":0,"ocean_custom_logo_tablet_max_height":0,"ocean_custom_logo_mobile_max_height":0,"ocean_header_custom_menu":"","ocean_menu_typo_font_family":"","ocean_menu_typo_font_subset":"","ocean_menu_typo_font_size":0,"ocean_menu_typo_font_size_tablet":0,"ocean_menu_typo_font_size_mobile":0,"ocean_menu_typo_font_size_unit":"px","ocean_menu_typo_font_weight":"","ocean_menu_typo_font_weight_tablet":"","ocean_menu_typo_font_weight_mobile":"","ocean_menu_typo_transform":"","ocean_menu_typo_transform_tablet":"","ocean_menu_typo_transform_mobile":"","ocean_menu_typo_line_height":0,"ocean_menu_typo_line_height_tablet":0,"ocean_menu_typo_line_height_mobile":0,"ocean_menu_typo_line_height_unit":"","ocean_menu_typo_spacing":0,"ocean_menu_typo_spacing_tablet":0,"ocean_menu_typo_spacing_mobile":0,"ocean_menu_typo_spacing_unit":"","ocean_menu_link_color":"","ocean_menu_link_color_hover":"","ocean_menu_link_color_active":"","ocean_menu_link_background":"","ocean_menu_link_hover_background":"","ocean_menu_link_active_background":"","ocean_menu_social_links_bg":"","ocean_menu_social_hover_links_bg":"","ocean_menu_social_links_color":"","ocean_menu_social_hover_links_color":"","ocean_disable_title":"on","ocean_disable_heading":"default","ocean_post_title":"","ocean_post_subheading":"","ocean_post_title_style":"","ocean_post_title_background_color":"","ocean_post_title_background":0,"ocean_post_title_bg_image_position":"","ocean_post_title_bg_image_attachment":"","ocean_post_title_bg_image_repeat":"","ocean_post_title_bg_image_size":"","ocean_post_title_height":0,"ocean_post_title_bg_overlay":0.5,"ocean_post_title_bg_overlay_color":"","ocean_disable_breadcrumbs":"default","ocean_breadcrumbs_color":"","ocean_breadcrumbs_separator_color":"","ocean_breadcrumbs_links_color":"","ocean_breadcrumbs_links_hover_color":"","ocean_display_footer_widgets":"off","ocean_display_footer_bottom":"off","ocean_custom_footer_template":"","footnotes":""},"class_list":["post-819","page","type-page","status-publish","hentry","entry"],"_links":{"self":[{"href":"https:\/\/studiohumanology.com\/de\/wp-json\/wp\/v2\/pages\/819","targetHints":{"allow":["GET"]}}],"collection":[{"href":"https:\/\/studiohumanology.com\/de\/wp-json\/wp\/v2\/pages"}],"about":[{"href":"https:\/\/studiohumanology.com\/de\/wp-json\/wp\/v2\/types\/page"}],"author":[{"embeddable":true,"href":"https:\/\/studiohumanology.com\/de\/wp-json\/wp\/v2\/users\/1"}],"replies":[{"embeddable":true,"href":"https:\/\/studiohumanology.com\/de\/wp-json\/wp\/v2\/comments?post=819"}],"version-history":[{"count":25,"href":"https:\/\/studiohumanology.com\/de\/wp-json\/wp\/v2\/pages\/819\/revisions"}],"predecessor-version":[{"id":3192,"href":"https:\/\/studiohumanology.com\/de\/wp-json\/wp\/v2\/pages\/819\/revisions\/3192"}],"up":[{"embeddable":true,"href":"https:\/\/studiohumanology.com\/de\/wp-json\/wp\/v2\/pages\/1090"}],"wp:attachment":[{"href":"https:\/\/studiohumanology.com\/de\/wp-json\/wp\/v2\/media?parent=819"}],"curies":[{"name":"wp","href":"https:\/\/api.w.org\/{rel}","templated":true}]}}