{"id":124,"date":"2023-10-07T10:53:33","date_gmt":"2023-10-07T10:53:33","guid":{"rendered":"http:\/\/studio-humanology.local\/?page_id=10"},"modified":"2026-04-01T16:45:14","modified_gmt":"2026-04-01T15:45:14","slug":"home-page","status":"publish","type":"page","link":"https:\/\/studiohumanology.com\/de\/","title":{"rendered":"Home page"},"content":{"rendered":"\t\t<div data-elementor-type=\"wp-page\" data-elementor-id=\"124\" class=\"elementor elementor-124\" data-elementor-settings=\"{&quot;ha_cmc_init_switcher&quot;:&quot;no&quot;}\">\n\t\t\t\t<div class=\"elementor-element elementor-element-8a4844d e-flex e-con-boxed wpr-particle-no wpr-jarallax-no wpr-parallax-no wpr-sticky-section-no e-con e-parent\" data-id=\"8a4844d\" data-element_type=\"container\" data-e-type=\"container\" data-settings=\"{&quot;_ha_eqh_enable&quot;:false}\">\n\t\t\t\t\t<div class=\"e-con-inner\">\n\t\t\t\t\t<\/div>\n\t\t\t\t<\/div>\n\t\t<div class=\"elementor-element elementor-element-6a4cf37 e-flex e-con-boxed wpr-particle-no wpr-jarallax-no wpr-parallax-no wpr-sticky-section-no e-con e-parent\" data-id=\"6a4cf37\" data-element_type=\"container\" data-e-type=\"container\" data-settings=\"{&quot;_ha_eqh_enable&quot;:&quot;yes&quot;,&quot;_ha_eqh_widget&quot;:[&quot;premium-addon-person&quot;],&quot;_ha_eqh_to&quot;:&quot;widget&quot;,&quot;_ha_eqh_disable_on_tablet&quot;:&quot;no&quot;,&quot;_ha_eqh_disable_on_mobile&quot;:&quot;yes&quot;}\">\n\t\t\t\t\t<div class=\"e-con-inner\">\n\t\t\t\t<div class=\"elementor-element elementor-element-f28003a elementor-widget elementor-widget-premium-addon-person\" data-id=\"f28003a\" data-element_type=\"widget\" data-e-type=\"widget\" data-settings=\"{&quot;persons_per_row&quot;:&quot;100%&quot;,&quot;carousel&quot;:&quot;yes&quot;,&quot;carousel_play&quot;:&quot;yes&quot;,&quot;persons_per_row_tablet&quot;:&quot;100%&quot;,&quot;persons_per_row_mobile&quot;:&quot;100%&quot;,&quot;speed&quot;:5000}\" data-widget_type=\"premium-addon-person.default\">\n\t\t\t\t<div class=\"elementor-widget-container\">\n\t\t\t\t\t\t\t<div class=\"premium-persons-container premium-person-style1 multiple-persons\" data-persons-equal=\"\" data-carousel=\"1\" data-rtl=\"\">\n\t\t\t\t\t\t\t\t<div class=\"premium-person-container premium-person-zoomin-effect\">\n\t\t\t\t\t\t<div class=\"premium-person-image-container\">\n\t\t\t\t\t\t<img fetchpriority=\"high\" decoding=\"async\" width=\"2560\" height=\"1791\" src=\"https:\/\/studiohumanology.com\/wp-content\/uploads\/2026\/04\/782A0118-scaled.jpg\" class=\"attachment-full size-full wp-image-3142\" alt=\"\" srcset=\"https:\/\/studiohumanology.com\/wp-content\/uploads\/2026\/04\/782A0118-scaled.jpg 2560w, https:\/\/studiohumanology.com\/wp-content\/uploads\/2026\/04\/782A0118-300x210.jpg 300w, https:\/\/studiohumanology.com\/wp-content\/uploads\/2026\/04\/782A0118-1024x717.jpg 1024w, https:\/\/studiohumanology.com\/wp-content\/uploads\/2026\/04\/782A0118-768x537.jpg 768w, https:\/\/studiohumanology.com\/wp-content\/uploads\/2026\/04\/782A0118-1536x1075.jpg 1536w, https:\/\/studiohumanology.com\/wp-content\/uploads\/2026\/04\/782A0118-2048x1433.jpg 2048w, https:\/\/studiohumanology.com\/wp-content\/uploads\/2026\/04\/782A0118-18x12.jpg 18w\" sizes=\"(max-width: 2560px) 100vw, 2560px\" \/>\t\t\t\t\t\t\t\t\t\t\t\t\t<\/div>\n\t\t\t\t\t\t<div class=\"premium-person-info\">\n\t\t\t\t\t\t\t\t\t\t<div class=\"premium-person-info-container\">\n\t\t\t\t\t\t\t<\/div>\n\t\t\t\t\t\t\t\t\t<\/div>\n\t\t\t\t\t<\/div>\n\t\t\t\t\t\t\t\t\t\t<div class=\"premium-person-container premium-person-zoomin-effect\">\n\t\t\t\t\t\t<div class=\"premium-person-image-container\">\n\t\t\t\t\t\t<img decoding=\"async\" width=\"2560\" height=\"1707\" src=\"https:\/\/studiohumanology.com\/wp-content\/uploads\/2026\/04\/782A0113-scaled.jpg\" class=\"attachment-full size-full wp-image-3141\" alt=\"\" srcset=\"https:\/\/studiohumanology.com\/wp-content\/uploads\/2026\/04\/782A0113-scaled.jpg 2560w, https:\/\/studiohumanology.com\/wp-content\/uploads\/2026\/04\/782A0113-300x200.jpg 300w, https:\/\/studiohumanology.com\/wp-content\/uploads\/2026\/04\/782A0113-1024x683.jpg 1024w, https:\/\/studiohumanology.com\/wp-content\/uploads\/2026\/04\/782A0113-768x512.jpg 768w, https:\/\/studiohumanology.com\/wp-content\/uploads\/2026\/04\/782A0113-1536x1024.jpg 1536w, https:\/\/studiohumanology.com\/wp-content\/uploads\/2026\/04\/782A0113-2048x1365.jpg 2048w, https:\/\/studiohumanology.com\/wp-content\/uploads\/2026\/04\/782A0113-18x12.jpg 18w\" sizes=\"(max-width: 2560px) 100vw, 2560px\" \/>\t\t\t\t\t\t\t\t\t\t\t\t\t<\/div>\n\t\t\t\t\t\t<div class=\"premium-person-info\">\n\t\t\t\t\t\t\t\t\t\t<div class=\"premium-person-info-container\">\n\t\t\t\t\t\t\t\t\t<h2 class=\"premium-person-name\">Stefano Gobbetti<\/h2>\n\t\t\t\t\t\t\t\t\t\t\t<h4 class=\"premium-person-title\">\n\t\t\t\t\t\t\t<span>Human Coach<\/span>\n\t\t\t\t\t\t<\/h4>\n\t\t\t\t\t\t\t\t\t\t\t<div class=\"premium-person-content\">\n\t\t\t\t\t\t\t<p>Stefano Gobbetti, Human Coach, fondatore di Studio Humanology e autore del libro &#8220;Siamo fuoco, non ferite&#8221; Il suo percorso nasce dall\u2019esigenza di ritrovare un equilibrio pi\u00f9 naturale tra corpo, mente e spirito, dove il benessere non \u00e8 solo questione di esercizio fisico, ma di un\u2019intera filosofia di vita: riconnettersi con il proprio corpo, riscoprire la propria forza interiore e vivere in armonia con la natura.<\/p>\t\t\t\t\t\t<\/div>\n\t\t\t\t\t<ul class=\"premium-person-social-list\">\t\t\t\t<li class=\"elementor-icon premium-person-list-item premium-person-facebook\">\n\t\t\t\t\t<a href=\"#\" target=\"_blank\">\n\t\t\t\t\t\t<i class=\"fab fa-facebook-f\" aria-hidden=\"true\"><\/i>\n\t\t\t\t\t<\/a>\n\t\t\t\t<\/li>\n\t\t\t\t\t\t\t\t<li class=\"elementor-icon premium-person-list-item premium-person-youtube\">\n\t\t\t\t\t<a href=\"#\" target=\"_blank\">\n\t\t\t\t\t\t<i class=\"fab fa-youtube\" aria-hidden=\"true\"><\/i>\n\t\t\t\t\t<\/a>\n\t\t\t\t<\/li>\n\t\t\t\t\t\t\t\t<li class=\"elementor-icon premium-person-list-item premium-person-instagram\">\n\t\t\t\t\t<a href=\"#\" target=\"_blank\">\n\t\t\t\t\t\t<i class=\"fab fa-instagram\" aria-hidden=\"true\"><\/i>\n\t\t\t\t\t<\/a>\n\t\t\t\t<\/li>\n\t\t\t\t<\/ul>\t\t\t<\/div>\n\t\t\t\t\t\t\t\t\t<\/div>\n\t\t\t\t\t<\/div>\n\t\t\t\t\t\t\t\t\t\t<div class=\"premium-person-container premium-person-zoomin-effect\">\n\t\t\t\t\t\t<div class=\"premium-person-image-container\">\n\t\t\t\t\t\t<img decoding=\"async\" width=\"2560\" height=\"1707\" src=\"https:\/\/studiohumanology.com\/wp-content\/uploads\/2026\/04\/782A0106-scaled.jpg\" class=\"attachment-full size-full wp-image-3148\" alt=\"\" srcset=\"https:\/\/studiohumanology.com\/wp-content\/uploads\/2026\/04\/782A0106-scaled.jpg 2560w, https:\/\/studiohumanology.com\/wp-content\/uploads\/2026\/04\/782A0106-300x200.jpg 300w, https:\/\/studiohumanology.com\/wp-content\/uploads\/2026\/04\/782A0106-1024x683.jpg 1024w, https:\/\/studiohumanology.com\/wp-content\/uploads\/2026\/04\/782A0106-768x512.jpg 768w, https:\/\/studiohumanology.com\/wp-content\/uploads\/2026\/04\/782A0106-1536x1024.jpg 1536w, https:\/\/studiohumanology.com\/wp-content\/uploads\/2026\/04\/782A0106-2048x1365.jpg 2048w, https:\/\/studiohumanology.com\/wp-content\/uploads\/2026\/04\/782A0106-18x12.jpg 18w\" sizes=\"(max-width: 2560px) 100vw, 2560px\" \/>\t\t\t\t\t\t\t\t\t\t\t\t\t<\/div>\n\t\t\t\t\t\t<div class=\"premium-person-info\">\n\t\t\t\t\t\t\t\t\t\t<div class=\"premium-person-info-container\">\n\t\t\t\t\t\t\t\t\t<h2 class=\"premium-person-name\">Sarah Villalta<\/h2>\n\t\t\t\t\t\t\t\t\t\t\t<h4 class=\"premium-person-title\">\n\t\t\t\t\t\t\t<span>Pilates &amp; Mobility<\/span>\n\t\t\t\t\t\t<\/h4>\n\t\t\t\t\t\t\t\t\t\t\t<div class=\"premium-person-content\">\n\t\t\t\t\t\t\t<p data-olk-copy-source=\"MessageBody\">Insegnante di Pilates specializzata in Reformer, lavoro miofasciale e allenamento consapevole. Il suo approccio mette al centro la qualit\u00e0 del movimento, l\u2019ascolto del corpo e il recupero dell\u2019equilibrio funzionale, integrando forza, mobilit\u00e0 e controllo. Le sue lezioni sono pensate per migliorare postura, benessere e performance, adattandosi a ogni livello ed esigenza.<\/p>\t\t\t\t\t\t<\/div>\n\t\t\t\t\t<ul class=\"premium-person-social-list\">\t\t\t\t<li class=\"elementor-icon premium-person-list-item premium-person-facebook\">\n\t\t\t\t\t<a href=\"#\" target=\"_blank\">\n\t\t\t\t\t\t<i class=\"fab fa-facebook-f\" aria-hidden=\"true\"><\/i>\n\t\t\t\t\t<\/a>\n\t\t\t\t<\/li>\n\t\t\t\t\t\t\t\t<li class=\"elementor-icon premium-person-list-item premium-person-youtube\">\n\t\t\t\t\t<a href=\"#\" target=\"_blank\">\n\t\t\t\t\t\t<i class=\"fab fa-youtube\" aria-hidden=\"true\"><\/i>\n\t\t\t\t\t<\/a>\n\t\t\t\t<\/li>\n\t\t\t\t\t\t\t\t<li class=\"elementor-icon premium-person-list-item premium-person-instagram\">\n\t\t\t\t\t<a href=\"#\" target=\"_blank\">\n\t\t\t\t\t\t<i class=\"fab fa-instagram\" aria-hidden=\"true\"><\/i>\n\t\t\t\t\t<\/a>\n\t\t\t\t<\/li>\n\t\t\t\t<\/ul>\t\t\t<\/div>\n\t\t\t\t\t\t\t\t\t<\/div>\n\t\t\t\t\t<\/div>\n\t\t\t\t\t\t\t\t\t\t<div class=\"premium-person-container premium-person-zoomin-effect\">\n\t\t\t\t\t\t<div class=\"premium-person-image-container\">\n\t\t\t\t\t\t<img loading=\"lazy\" decoding=\"async\" width=\"2560\" height=\"1707\" src=\"https:\/\/studiohumanology.com\/wp-content\/uploads\/2026\/04\/782A0109-scaled.jpg\" class=\"attachment-full size-full wp-image-3140\" alt=\"\" srcset=\"https:\/\/studiohumanology.com\/wp-content\/uploads\/2026\/04\/782A0109-scaled.jpg 2560w, https:\/\/studiohumanology.com\/wp-content\/uploads\/2026\/04\/782A0109-300x200.jpg 300w, https:\/\/studiohumanology.com\/wp-content\/uploads\/2026\/04\/782A0109-1024x683.jpg 1024w, https:\/\/studiohumanology.com\/wp-content\/uploads\/2026\/04\/782A0109-768x512.jpg 768w, https:\/\/studiohumanology.com\/wp-content\/uploads\/2026\/04\/782A0109-1536x1024.jpg 1536w, https:\/\/studiohumanology.com\/wp-content\/uploads\/2026\/04\/782A0109-2048x1365.jpg 2048w, https:\/\/studiohumanology.com\/wp-content\/uploads\/2026\/04\/782A0109-18x12.jpg 18w\" sizes=\"(max-width: 2560px) 100vw, 2560px\" \/>\t\t\t\t\t\t\t\t\t\t\t\t\t<\/div>\n\t\t\t\t\t\t<div class=\"premium-person-info\">\n\t\t\t\t\t\t\t\t\t\t<div class=\"premium-person-info-container\">\n\t\t\t\t\t\t\t\t\t<h2 class=\"premium-person-name\">Franz Haller<\/h2>\n\t\t\t\t\t\t\t\t\t\t\t<h4 class=\"premium-person-title\">\n\t\t\t\t\t\t\t<span>Kickboxing &amp; Muay Thai<\/span>\n\t\t\t\t\t\t<\/h4>\n\t\t\t\t\t\t\t\t\t\t\t<div class=\"premium-person-content\">\n\t\t\t\t\t\t\t<p>Campione di Thai Boxing e maestro di Muay Thai, con anni di esperienza nell\u2019insegnamento e nella preparazione di atleti di ogni livello. Il suo metodo unisce tecnica, disciplina e rispetto, con un approccio concreto e accessibile sia a chi si avvicina per la prima volta alla Muay Thai sia a chi vuole allenarsi in modo serio e consapevole.<\/p>\t\t\t\t\t\t<\/div>\n\t\t\t\t\t<ul class=\"premium-person-social-list\">\t\t\t\t<li class=\"elementor-icon premium-person-list-item premium-person-instagram\">\n\t\t\t\t\t<a href=\"#\" target=\"_blank\">\n\t\t\t\t\t\t<i class=\"fab fa-instagram\" aria-hidden=\"true\"><\/i>\n\t\t\t\t\t<\/a>\n\t\t\t\t<\/li>\n\t\t\t\t<\/ul>\t\t\t<\/div>\n\t\t\t\t\t\t\t\t\t<\/div>\n\t\t\t\t\t<\/div>\n\t\t\t\t\t\t\t<\/div>\n\t\t\t\t\t\t<\/div>\n\t\t\t\t<\/div>\n\t\t\t\t\t<\/div>\n\t\t\t\t<\/div>\n\t\t<div class=\"elementor-element elementor-element-fd6ccd0 e-flex e-con-boxed wpr-particle-no wpr-jarallax-no wpr-parallax-no wpr-sticky-section-no e-con e-parent\" data-id=\"fd6ccd0\" data-element_type=\"container\" data-e-type=\"container\" data-settings=\"{&quot;_ha_eqh_enable&quot;:false}\">\n\t\t\t\t\t<div class=\"e-con-inner\">\n\t\t\t\t<div class=\"elementor-element elementor-element-d72bbf6 elementor-widget elementor-widget-text-editor\" data-id=\"d72bbf6\" data-element_type=\"widget\" data-e-type=\"widget\" data-widget_type=\"text-editor.default\">\n\t\t\t\t<div class=\"elementor-widget-container\">\n\t\t\t\t\t\t\t\t\t<p>In Humanology il cambiamento non \u00e8 mai solo estetico.\u00a0Ogni percorso nasce dall\u2019ascolto della persona, dalla valutazione del movimento e dalla comprensione delle sue abitudini quotidiane.\u00a0Lavoriamo sul corpo nella sua globalit\u00e0: forza, mobilit\u00e0, coordinazione, respirazione e recupero.\u00a0L\u2019allenamento \u00e8 prevalentemente a corpo libero, integrato quando serve da attrezzi essenziali, con l\u2019obiettivo di rendere il corpo pi\u00f9 efficiente, stabile e funzionale nel tempo.\u00a0I risultati che vedi non sono frutto di scorciatoie, ma di continuit\u00e0, metodo e attenzione reale.\u00a0Per questo ogni trasformazione \u00e8 diversa, perch\u00e9 ogni persona \u00e8 diversa.\u00a0Humanology non \u00e8 una palestra tradizionale, ma uno studio dove il movimento diventa uno strumento di benessere, consapevolezza e crescita personale.<\/p>\t\t\t\t\t\t\t\t<\/div>\n\t\t\t\t<\/div>\n\t\t\t\t\t<\/div>\n\t\t\t\t<\/div>\n\t\t<div class=\"elementor-element elementor-element-56e4b62 e-flex e-con-boxed wpr-particle-no wpr-jarallax-no wpr-parallax-no wpr-sticky-section-no e-con e-parent\" data-id=\"56e4b62\" data-element_type=\"container\" data-e-type=\"container\" data-settings=\"{&quot;_ha_eqh_enable&quot;:false}\">\n\t\t\t\t\t<div class=\"e-con-inner\">\n\t\t\t\t<div class=\"elementor-element elementor-element-402424b elementor-arrows-position-inside elementor-pagination-position-outside elementor-widget elementor-widget-image-carousel\" data-id=\"402424b\" data-element_type=\"widget\" data-e-type=\"widget\" data-settings=\"{&quot;autoplay_speed&quot;:2000,&quot;navigation&quot;:&quot;both&quot;,&quot;autoplay&quot;:&quot;yes&quot;,&quot;pause_on_hover&quot;:&quot;yes&quot;,&quot;pause_on_interaction&quot;:&quot;yes&quot;,&quot;infinite&quot;:&quot;yes&quot;,&quot;speed&quot;:500}\" data-widget_type=\"image-carousel.default\">\n\t\t\t\t<div class=\"elementor-widget-container\">\n\t\t\t\t\t\t\t<div class=\"elementor-image-carousel-wrapper swiper\" role=\"region\" aria-roledescription=\"carousel\" aria-label=\"Carosello d&#039;immagini\" dir=\"ltr\">\n\t\t\t<div class=\"elementor-image-carousel swiper-wrapper swiper-image-stretch\" aria-live=\"off\">\n\t\t\t\t\t\t\t\t<div class=\"swiper-slide\" role=\"group\" aria-roledescription=\"slide\" aria-label=\"1 von 8\"><figure class=\"swiper-slide-inner\"><img decoding=\"async\" class=\"swiper-slide-image\" src=\"https:\/\/studiohumanology.com\/wp-content\/uploads\/2026\/02\/pro-5plKcgt5-e1770393186476-768x709.jpeg\" alt=\"pro-5plKcgt5\" \/><\/figure><\/div><div class=\"swiper-slide\" role=\"group\" aria-roledescription=\"slide\" aria-label=\"2 von 8\"><figure class=\"swiper-slide-inner\"><img decoding=\"async\" class=\"swiper-slide-image\" src=\"https:\/\/studiohumanology.com\/wp-content\/uploads\/2026\/02\/pro-12n3wsFb-768x767.jpeg\" alt=\"pro-12n3wsFb\" \/><\/figure><\/div><div class=\"swiper-slide\" role=\"group\" aria-roledescription=\"slide\" aria-label=\"3 von 8\"><figure class=\"swiper-slide-inner\"><img decoding=\"async\" class=\"swiper-slide-image\" src=\"https:\/\/studiohumanology.com\/wp-content\/uploads\/2026\/02\/pro-AZiJNkBL-768x771.jpeg\" alt=\"pro-AZiJNkBL\" \/><\/figure><\/div><div class=\"swiper-slide\" role=\"group\" aria-roledescription=\"slide\" aria-label=\"4 von 8\"><figure class=\"swiper-slide-inner\"><img decoding=\"async\" class=\"swiper-slide-image\" src=\"https:\/\/studiohumanology.com\/wp-content\/uploads\/2026\/02\/pro-caz9tYG0-768x768.jpeg\" alt=\"pro-caz9tYG0\" \/><\/figure><\/div><div class=\"swiper-slide\" role=\"group\" aria-roledescription=\"slide\" aria-label=\"5 von 8\"><figure class=\"swiper-slide-inner\"><img decoding=\"async\" class=\"swiper-slide-image\" src=\"https:\/\/studiohumanology.com\/wp-content\/uploads\/2026\/02\/pro-NWpBp3xX-768x768.jpeg\" alt=\"pro-NWpBp3xX\" \/><\/figure><\/div><div class=\"swiper-slide\" role=\"group\" aria-roledescription=\"slide\" aria-label=\"6 von 8\"><figure class=\"swiper-slide-inner\"><img decoding=\"async\" class=\"swiper-slide-image\" src=\"https:\/\/studiohumanology.com\/wp-content\/uploads\/2026\/02\/pro-rwwMCIhd-scaled-e1770393215757-768x644.jpeg\" alt=\"pro-rwwMCIhd\" \/><\/figure><\/div><div class=\"swiper-slide\" role=\"group\" aria-roledescription=\"slide\" aria-label=\"7 von 8\"><figure class=\"swiper-slide-inner\"><img decoding=\"async\" class=\"swiper-slide-image\" src=\"https:\/\/studiohumanology.com\/wp-content\/uploads\/2026\/02\/pro-xcNGNPny-768x752.jpeg\" alt=\"pro-xcNGNPny\" \/><\/figure><\/div><div class=\"swiper-slide\" role=\"group\" aria-roledescription=\"slide\" aria-label=\"8 von 8\"><figure class=\"swiper-slide-inner\"><img decoding=\"async\" class=\"swiper-slide-image\" src=\"https:\/\/studiohumanology.com\/wp-content\/uploads\/2026\/02\/pro-YC5rKsj1-768x768.jpeg\" alt=\"pro-YC5rKsj1\" \/><\/figure><\/div>\t\t\t<\/div>\n\t\t\t\t\t\t\t\t\t\t\t\t<div class=\"elementor-swiper-button elementor-swiper-button-prev\" role=\"button\" tabindex=\"0\">\n\t\t\t\t\t\t<svg aria-hidden=\"true\" class=\"e-font-icon-svg e-eicon-chevron-left\" viewBox=\"0 0 1000 1000\" xmlns=\"http:\/\/www.w3.org\/2000\/svg\"><path d=\"M646 125C629 125 613 133 604 142L308 442C296 454 292 471 292 487 292 504 296 521 308 533L604 854C617 867 629 875 646 875 663 875 679 871 692 858 704 846 713 829 713 812 713 796 708 779 692 767L438 487 692 225C700 217 708 204 708 187 708 171 704 154 692 142 675 129 663 125 646 125Z\"><\/path><\/svg>\t\t\t\t\t<\/div>\n\t\t\t\t\t<div class=\"elementor-swiper-button elementor-swiper-button-next\" role=\"button\" tabindex=\"0\">\n\t\t\t\t\t\t<svg aria-hidden=\"true\" class=\"e-font-icon-svg e-eicon-chevron-right\" viewBox=\"0 0 1000 1000\" xmlns=\"http:\/\/www.w3.org\/2000\/svg\"><path d=\"M696 533C708 521 713 504 713 487 713 471 708 454 696 446L400 146C388 133 375 125 354 125 338 125 325 129 313 142 300 154 292 171 292 187 292 204 296 221 308 233L563 492 304 771C292 783 288 800 288 817 288 833 296 850 308 863 321 871 338 875 354 875 371 875 388 867 400 854L696 533Z\"><\/path><\/svg>\t\t\t\t\t<\/div>\n\t\t\t\t\n\t\t\t\t\t\t\t\t\t<div class=\"swiper-pagination\"><\/div>\n\t\t\t\t\t\t\t\t\t<\/div>\n\t\t\t\t\t\t<\/div>\n\t\t\t\t<\/div>\n\t\t\t\t\t<\/div>\n\t\t\t\t<\/div>\n\t\t\t\t<\/div>\n\t\t","protected":false},"excerpt":{"rendered":"<p>Stefano Gobbetti Human Coach Stefano Gobbetti, Human Coach, fondatore di Studio Humanology e autore del libro &#8220;Siamo fuoco, non ferite&#8221; Il suo percorso nasce dall\u2019esigenza di ritrovare un equilibrio pi\u00f9 naturale tra corpo, mente e spirito, dove il benessere non \u00e8 solo questione di esercizio fisico, ma di un\u2019intera filosofia di vita: riconnettersi con il proprio corpo, riscoprire la propria forza interiore e vivere in armonia con la natura. Sarah Villalta Pilates &amp; Mobility Insegnante di Pilates specializzata in Reformer, lavoro miofasciale e allenamento consapevole. Il suo approccio mette al centro la qualit\u00e0 del movimento, l\u2019ascolto del corpo e il recupero dell\u2019equilibrio funzionale, integrando forza, mobilit\u00e0 e controllo. Le sue lezioni sono pensate per migliorare postura, benessere e performance, adattandosi a ogni livello ed esigenza. Franz Haller Kickboxing &amp; Muay Thai Campione di Thai Boxing e maestro di Muay Thai, con anni di esperienza nell\u2019insegnamento e nella preparazione di atleti di ogni livello. Il suo metodo unisce tecnica, disciplina e rispetto, con un approccio concreto e accessibile sia a chi si avvicina per la prima volta alla Muay Thai sia a chi vuole allenarsi in modo serio e consapevole. In Humanology il cambiamento non \u00e8 mai solo estetico.\u00a0Ogni percorso nasce dall\u2019ascolto della persona, dalla valutazione del movimento e dalla comprensione delle sue abitudini quotidiane.\u00a0Lavoriamo sul corpo nella sua globalit\u00e0: forza, mobilit\u00e0, coordinazione, respirazione e recupero.\u00a0L\u2019allenamento \u00e8 prevalentemente a corpo libero, integrato quando serve da attrezzi essenziali, con l\u2019obiettivo di rendere il corpo pi\u00f9 efficiente, stabile e funzionale nel tempo.\u00a0I risultati che vedi non sono frutto di scorciatoie, ma di continuit\u00e0, metodo e attenzione reale.\u00a0Per questo ogni trasformazione \u00e8 diversa, perch\u00e9 ogni persona \u00e8 diversa.\u00a0Humanology non \u00e8 una palestra tradizionale, ma uno studio dove il movimento diventa uno strumento di benessere, consapevolezza e crescita personale.<\/p>","protected":false},"author":1,"featured_media":0,"parent":0,"menu_order":0,"comment_status":"closed","ping_status":"open","template":"","meta":{"ocean_post_layout":"full-screen","ocean_both_sidebars_style":"","ocean_both_sidebars_content_width":0,"ocean_both_sidebars_sidebars_width":0,"ocean_sidebar":"","ocean_second_sidebar":"","ocean_disable_margins":"enable","ocean_add_body_class":"","ocean_shortcode_before_top_bar":"","ocean_shortcode_after_top_bar":"","ocean_shortcode_before_header":"","ocean_shortcode_after_header":"","ocean_has_shortcode":"","ocean_shortcode_after_title":"","ocean_shortcode_before_footer_widgets":"","ocean_shortcode_after_footer_widgets":"","ocean_shortcode_before_footer_bottom":"","ocean_shortcode_after_footer_bottom":"","ocean_display_top_bar":"off","ocean_display_header":"off","ocean_header_style":"","ocean_center_header_left_menu":"","ocean_custom_header_template":"","ocean_custom_logo":0,"ocean_custom_retina_logo":0,"ocean_custom_logo_max_width":0,"ocean_custom_logo_tablet_max_width":0,"ocean_custom_logo_mobile_max_width":0,"ocean_custom_logo_max_height":0,"ocean_custom_logo_tablet_max_height":0,"ocean_custom_logo_mobile_max_height":0,"ocean_header_custom_menu":"","ocean_menu_typo_font_family":"","ocean_menu_typo_font_subset":"","ocean_menu_typo_font_size":0,"ocean_menu_typo_font_size_tablet":0,"ocean_menu_typo_font_size_mobile":0,"ocean_menu_typo_font_size_unit":"px","ocean_menu_typo_font_weight":"","ocean_menu_typo_font_weight_tablet":"","ocean_menu_typo_font_weight_mobile":"","ocean_menu_typo_transform":"","ocean_menu_typo_transform_tablet":"","ocean_menu_typo_transform_mobile":"","ocean_menu_typo_line_height":0,"ocean_menu_typo_line_height_tablet":0,"ocean_menu_typo_line_height_mobile":0,"ocean_menu_typo_line_height_unit":"","ocean_menu_typo_spacing":0,"ocean_menu_typo_spacing_tablet":0,"ocean_menu_typo_spacing_mobile":0,"ocean_menu_typo_spacing_unit":"","ocean_menu_link_color":"","ocean_menu_link_color_hover":"","ocean_menu_link_color_active":"","ocean_menu_link_background":"","ocean_menu_link_hover_background":"","ocean_menu_link_active_background":"","ocean_menu_social_links_bg":"","ocean_menu_social_hover_links_bg":"","ocean_menu_social_links_color":"","ocean_menu_social_hover_links_color":"","ocean_disable_title":"on","ocean_disable_heading":"default","ocean_post_title":"","ocean_post_subheading":"","ocean_post_title_style":"","ocean_post_title_background_color":"","ocean_post_title_background":0,"ocean_post_title_bg_image_position":"","ocean_post_title_bg_image_attachment":"","ocean_post_title_bg_image_repeat":"","ocean_post_title_bg_image_size":"","ocean_post_title_height":0,"ocean_post_title_bg_overlay":0.5,"ocean_post_title_bg_overlay_color":"","ocean_disable_breadcrumbs":"default","ocean_breadcrumbs_color":"","ocean_breadcrumbs_separator_color":"","ocean_breadcrumbs_links_color":"","ocean_breadcrumbs_links_hover_color":"","ocean_display_footer_widgets":"off","ocean_display_footer_bottom":"off","ocean_custom_footer_template":"","footnotes":""},"class_list":["post-124","page","type-page","status-publish","hentry","entry"],"_links":{"self":[{"href":"https:\/\/studiohumanology.com\/de\/wp-json\/wp\/v2\/pages\/124","targetHints":{"allow":["GET"]}}],"collection":[{"href":"https:\/\/studiohumanology.com\/de\/wp-json\/wp\/v2\/pages"}],"about":[{"href":"https:\/\/studiohumanology.com\/de\/wp-json\/wp\/v2\/types\/page"}],"author":[{"embeddable":true,"href":"https:\/\/studiohumanology.com\/de\/wp-json\/wp\/v2\/users\/1"}],"replies":[{"embeddable":true,"href":"https:\/\/studiohumanology.com\/de\/wp-json\/wp\/v2\/comments?post=124"}],"version-history":[{"count":171,"href":"https:\/\/studiohumanology.com\/de\/wp-json\/wp\/v2\/pages\/124\/revisions"}],"predecessor-version":[{"id":3167,"href":"https:\/\/studiohumanology.com\/de\/wp-json\/wp\/v2\/pages\/124\/revisions\/3167"}],"wp:attachment":[{"href":"https:\/\/studiohumanology.com\/de\/wp-json\/wp\/v2\/media?parent=124"}],"curies":[{"name":"wp","href":"https:\/\/api.w.org\/{rel}","templated":true}]}}